{"id":860,"date":"2022-02-17T19:38:15","date_gmt":"2022-02-17T18:38:15","guid":{"rendered":"https:\/\/solutech.true-emotions.studio\/?page_id=860"},"modified":"2022-06-07T08:15:09","modified_gmt":"2022-06-07T06:15:09","slug":"contacts","status":"publish","type":"page","link":"https:\/\/www.acstunisia.com\/index.php\/contacts\/","title":{"rendered":"Contacts"},"content":{"rendered":"[vc_row pix_padding_top=\u00a0\u00bbpadding No\u00a0\u00bb pix_padding_bottom=\u00a0\u00bbpadding No\u00a0\u00bb gradient_colors=\u00a0\u00bb%5B%7B%7D%5D\u00a0\u00bb][vc_column][vc_row_inner equal_height=\u00a0\u00bbyes\u00a0\u00bb gap=\u00a0\u00bb30&Prime; gradient_colors=\u00a0\u00bb%5B%7B%7D%5D\u00a0\u00bb css=\u00a0\u00bb.vc_custom_1554822464943{margin-right: -15px !important;margin-left: -15px !important;}\u00a0\u00bb][vc_column_inner width=\u00a0\u00bb1\/3&Prime;][common_icon_box style=\u00a0\u00bbpix-ibox-title-side\u00a0\u00bb radius=\u00a0\u00bbpix-square\u00a0\u00bb icon_size=\u00a0\u00bbpix-icon-xl\u00a0\u00bb link=\u00a0\u00bb|title:Prices||\u00a0\u00bb shadow=\u00a0\u00bbpix-shadow-hover\u00a0\u00bb shadow_values=\u00a0\u00bb%5B%7B%22horizontal%22%3A%220%22%2C%22vertical%22%3A%226%22%2C%22blur%22%3A%2212%22%2C%22spread%22%3A%220%22%2C%22color%22%3A%22%23606060%22%2C%22opacity%22%3A%2224%22%7D%5D\u00a0\u00bb shadow_transition=\u00a0\u00bb0&Prime; image=\u00a0\u00bb2059&Prime; title=\u00a0\u00bbAdress\u00a0\u00bb css=\u00a0\u00bb.vc_custom_1654582255959{border-top-width: 1px !important;border-right-width: 1px !important;border-bottom-width: 1px !important;border-left-width: 1px !important;padding-top: 30px !important;padding-bottom: 30px !important;border-left-color: #cecece !important;border-left-style: dashed !important;border-right-color: #cecece !important;border-right-style: dashed !important;border-top-color: #cecece !important;border-top-style: dashed !important;border-bottom-color: #cecece !important;border-bottom-style: dashed !important;}\u00a0\u00bb]<span class=\"LrzXr\">15, R\u00e9sidence Golf du nord,<br \/>\nLes berges du lac 2,<br \/>\nTunis 1053, Tunisia<\/span>[\/common_icon_box][\/vc_column_inner][vc_column_inner width=\u00a0\u00bb1\/3&Prime;][common_icon_box style=\u00a0\u00bbpix-ibox-title-side\u00a0\u00bb radius=\u00a0\u00bbpix-square\u00a0\u00bb icon_size=\u00a0\u00bbpix-icon-xl\u00a0\u00bb link=\u00a0\u00bb|title:Prices||\u00a0\u00bb shadow=\u00a0\u00bbpix-shadow-hover\u00a0\u00bb shadow_values=\u00a0\u00bb%5B%7B%22horizontal%22%3A%220%22%2C%22vertical%22%3A%226%22%2C%22blur%22%3A%2212%22%2C%22spread%22%3A%220%22%2C%22color%22%3A%22%23606060%22%2C%22opacity%22%3A%2224%22%7D%5D\u00a0\u00bb shadow_transition=\u00a0\u00bb0&Prime; image=\u00a0\u00bb2056&Prime; title=\u00a0\u00bbWork Time\u00a0\u00bb css=\u00a0\u00bb.vc_custom_1555228351115{border-top-width: 1px !important;border-right-width: 1px !important;border-bottom-width: 1px !important;border-left-width: 1px !important;padding-top: 30px !important;padding-bottom: 30px !important;border-left-color: #cecece !important;border-left-style: dashed !important;border-right-color: #cecece !important;border-right-style: dashed !important;border-top-color: #cecece !important;border-top-style: dashed !important;border-bottom-color: #cecece !important;border-bottom-style: dashed !important;}\u00a0\u00bb]<strong>Mon to Fri:<\/strong> 9:00 AM to 6:00 PM<br \/>\n<strong>Saturday:<\/strong> 9:00 AM to 5:00 PM<br \/>\n<strong>Sunday:<\/strong> Closed[\/common_icon_box][\/vc_column_inner][vc_column_inner width=\u00a0\u00bb1\/3&Prime;][common_icon_box style=\u00a0\u00bbpix-ibox-title-side\u00a0\u00bb radius=\u00a0\u00bbpix-square\u00a0\u00bb icon_size=\u00a0\u00bbpix-icon-xl\u00a0\u00bb link=\u00a0\u00bb|title:Prices||\u00a0\u00bb shadow=\u00a0\u00bbpix-shadow-hover\u00a0\u00bb shadow_values=\u00a0\u00bb%5B%7B%22horizontal%22%3A%220%22%2C%22vertical%22%3A%226%22%2C%22blur%22%3A%2212%22%2C%22spread%22%3A%220%22%2C%22color%22%3A%22%23606060%22%2C%22opacity%22%3A%2224%22%7D%5D\u00a0\u00bb shadow_transition=\u00a0\u00bb0&Prime; image=\u00a0\u00bb2058&Prime; title=\u00a0\u00bbLocation\u00a0\u00bb css=\u00a0\u00bb.vc_custom_1555228333424{border-top-width: 1px !important;border-right-width: 1px !important;border-bottom-width: 1px !important;border-left-width: 1px !important;padding-top: 30px !important;padding-bottom: 30px !important;border-left-color: #cecece !important;border-left-style: dashed !important;border-right-color: #cecece !important;border-right-style: dashed !important;border-top-color: #cecece !important;border-top-style: dashed !important;border-bottom-color: #cecece !important;border-bottom-style: dashed !important;}\u00a0\u00bb]<strong>Location<\/strong> \u2013 our office consists of three buildings and is located in the heart of the city. Waiting for you![\/common_icon_box][\/vc_column_inner][\/vc_row_inner][vc_row_inner gap=\u00a0\u00bb30&Prime; pix_padding_top=\u00a0\u00bbpadding S\u00a0\u00bb gradient_colors=\u00a0\u00bb%5B%7B%7D%5D\u00a0\u00bb css=\u00a0\u00bb.vc_custom_1554822476077{margin-right: -15px !important;margin-left: -15px !important;}\u00a0\u00bb][vc_column_inner width=\u00a0\u00bb1\/3&Prime;][common_icon_box style=\u00a0\u00bbpix-ibox-title-side\u00a0\u00bb radius=\u00a0\u00bbpix-square\u00a0\u00bb icon_size=\u00a0\u00bbpix-icon-xl\u00a0\u00bb link=\u00a0\u00bb|title:Prices||\u00a0\u00bb shadow=\u00a0\u00bbpix-shadow-hover\u00a0\u00bb shadow_values=\u00a0\u00bb%5B%7B%22horizontal%22%3A%220%22%2C%22vertical%22%3A%226%22%2C%22blur%22%3A%2212%22%2C%22spread%22%3A%220%22%2C%22color%22%3A%22%23606060%22%2C%22opacity%22%3A%2224%22%7D%5D\u00a0\u00bb shadow_transition=\u00a0\u00bb0&Prime; image=\u00a0\u00bb2063&Prime; title=\u00a0\u00bbContacts\u00a0\u00bb css=\u00a0\u00bb.vc_custom_1654582171856{margin-top: 0px !important;border-top-width: 1px !important;border-right-width: 1px !important;border-bottom-width: 1px !important;border-left-width: 1px !important;padding-top: 30px !important;padding-bottom: 30px !important;border-left-color: #cecece !important;border-left-style: dashed !important;border-right-color: #cecece !important;border-right-style: dashed !important;border-top-color: #cecece !important;border-top-style: dashed !important;border-bottom-color: #cecece !important;border-bottom-style: dashed !important;}\u00a0\u00bb]+33 695 151 767<br \/>\ncom@acstunisia.com[\/common_icon_box][\/vc_column_inner][vc_column_inner width=\u00a0\u00bb2\/3&Prime;]<div class=\"wpforms-container wpforms-container-full\" id=\"wpforms-4085\"><form id=\"wpforms-form-4085\" class=\"wpforms-validate wpforms-form wpforms-ajax-form\" data-formid=\"4085\" method=\"post\" enctype=\"multipart\/form-data\" action=\"\/index.php\/wp-json\/wp\/v2\/pages\/860\" data-token=\"3de27bf4989a7914199510dead4d6cbe\"><noscript class=\"wpforms-error-noscript\">Veuillez activer JavaScript dans votre navigateur pour remplir ce formulaire.<\/noscript><div class=\"wpforms-field-container\"><div id=\"wpforms-4085-field_0-container\" class=\"wpforms-field wpforms-field-name\" data-field-id=\"0\"><label class=\"wpforms-field-label\" for=\"wpforms-4085-field_0\">Name <span class=\"wpforms-required-label\">*<\/span><\/label><div class=\"wpforms-field-row wpforms-field-medium\"><div class=\"wpforms-field-row-block wpforms-first wpforms-one-half\"><input type=\"text\" id=\"wpforms-4085-field_0\" class=\"wpforms-field-name-first wpforms-field-required\" name=\"wpforms[fields][0][first]\" required><label for=\"wpforms-4085-field_0\" class=\"wpforms-field-sublabel after \">Pr\u00e9nom<\/label><\/div><div class=\"wpforms-field-row-block wpforms-one-half\"><input type=\"text\" id=\"wpforms-4085-field_0-last\" class=\"wpforms-field-name-last wpforms-field-required\" name=\"wpforms[fields][0][last]\" required><label for=\"wpforms-4085-field_0-last\" class=\"wpforms-field-sublabel after \">Nom<\/label><\/div><\/div><\/div><div id=\"wpforms-4085-field_1-container\" class=\"wpforms-field wpforms-field-email\" data-field-id=\"1\"><label class=\"wpforms-field-label\" for=\"wpforms-4085-field_1\">Email <span class=\"wpforms-required-label\">*<\/span><\/label><input type=\"email\" id=\"wpforms-4085-field_1\" class=\"wpforms-field-medium wpforms-field-required\" name=\"wpforms[fields][1]\" required><\/div><div id=\"wpforms-4085-field_2-container\" class=\"wpforms-field wpforms-field-textarea\" data-field-id=\"2\"><label class=\"wpforms-field-label\" for=\"wpforms-4085-field_2\">Comment or Message <span class=\"wpforms-required-label\">*<\/span><\/label><textarea id=\"wpforms-4085-field_2\" class=\"wpforms-field-medium wpforms-field-required\" name=\"wpforms[fields][2]\" required><\/textarea><\/div><div id=\"wpforms-4085-field_3-container\" class=\"wpforms-field wpforms-field-gdpr-checkbox\" data-field-id=\"3\"><label class=\"wpforms-field-label\" for=\"wpforms-4085-field_3\">Accord RGPD <span class=\"wpforms-required-label\">*<\/span><\/label><ul id=\"wpforms-4085-field_3\" class=\"wpforms-field-required\"><li class=\"choice-1\"><input type=\"checkbox\" id=\"wpforms-4085-field_3_1\" name=\"wpforms[fields][3][]\" value=\"Je consens \u00e0 ce que ce site stocke mes informations envoy\u00e9es afin qu\u2019ils puissent r\u00e9pondre \u00e0 ma requ\u00eate.\" required ><label class=\"wpforms-field-label-inline\" for=\"wpforms-4085-field_3_1\">Je consens \u00e0 ce que ce site stocke mes informations envoy\u00e9es afin qu\u2019ils puissent r\u00e9pondre \u00e0 ma requ\u00eate.<\/label><\/li><\/ul><\/div><\/div><div class=\"wpforms-recaptcha-container wpforms-is-recaptcha\"><div class=\"g-recaptcha\" data-sitekey=\"6LdlKxwgAAAAAGomd0nAdicdiScKAB3tE95WunxE\"><\/div><input type=\"text\" name=\"g-recaptcha-hidden\" class=\"wpforms-recaptcha-hidden\" style=\"position:absolute!important;clip:rect(0,0,0,0)!important;height:1px!important;width:1px!important;border:0!important;overflow:hidden!important;padding:0!important;margin:0!important;\" required><\/div><div class=\"wpforms-submit-container\"><input type=\"hidden\" name=\"wpforms[id]\" value=\"4085\"><input type=\"hidden\" name=\"wpforms[author]\" value=\"1\"><button type=\"submit\" name=\"wpforms[submit]\" id=\"wpforms-submit-4085\" class=\"wpforms-submit\" data-alt-text=\"Sending...\" data-submit-text=\"Submit\" aria-live=\"assertive\" value=\"wpforms-submit\">Submit<\/button><img loading=\"lazy\" decoding=\"async\" src=\"https:\/\/www.acstunisia.com\/wp-content\/plugins\/wpforms-lite\/assets\/images\/submit-spin.svg\" class=\"wpforms-submit-spinner\" style=\"display: none;\" width=\"26\" height=\"26\" alt=\"\"><\/div><\/form><\/div>  <!-- .wpforms-container -->[\/vc_column_inner][\/vc_row_inner][\/vc_column][\/vc_row][vc_row full_width=\u00a0\u00bbstretch_row_content_no_spaces\u00a0\u00bb pix_padding_bottom=\u00a0\u00bbpadding No\u00a0\u00bb gradient_colors=\u00a0\u00bb%5B%7B%7D%5D\u00a0\u00bb ppadding=\u00a0\u00bbpix-vc_row-no-padding\u00a0\u00bb][vc_column][vc_gmaps link=\u00a0\u00bb#E-8_JTNDaWZyYW1lJTIwc3JjJTNEJTIyaHR0cHMlM0ElMkYlMkZ3d3cuZ29vZ2xlLmNvbSUyRm1hcHMlMkZlbWJlZCUzRnBiJTNEJTIxMW0xNCUyMTFtOCUyMTFtMyUyMTFkMTI3NzEuODc5NzIwODIyMjU3JTIxMmQxMC4yNzg3NjkyJTIxM2QzNi44NDMxOTYyJTIxM20yJTIxMWkxMDI0JTIxMmk3NjglMjE0ZjEzLjElMjEzbTMlMjExbTIlMjExczB4MCUyNTNBMHgzM2Y1YzI0MThjMjBlZjhiJTIxMnNDcmVhdGl2YSUyMTVlMCUyMTNtMiUyMTFzZW4lMjEyc2RlJTIxNHYxNjU0NTgyNDY4NDU1JTIxNW0yJTIxMXNlbiUyMTJzZGUlMjIlMjB3aWR0aCUzRCUyMjYwMCUyMiUyMGhlaWdodCUzRCUyMjQ1MCUyMiUyMHN0eWxlJTNEJTIyYm9yZGVyJTNBMCUzQiUyMiUyMGFsbG93ZnVsbHNjcmVlbiUzRCUyMiUyMiUyMGxvYWRpbmclM0QlMjJsYXp5JTIyJTIwcmVmZXJyZXJwb2xpY3klM0QlMjJuby1yZWZlcnJlci13aGVuLWRvd25ncmFkZSUyMiUzRSUzQyUyRmlmcmFtZSUzRQ==\u00a0\u00bb title=\u00a0\u00bbACS SECURITY\u00a0\u00bb][\/vc_column][\/vc_row]\n","protected":false},"excerpt":{"rendered":"<p>[vc_row pix_padding_top=\u00a0\u00bbpadding No\u00a0\u00bb pix_padding_bottom=\u00a0\u00bbpadding No\u00a0\u00bb gradient_colors=\u00a0\u00bb%5B%7B%7D%5D\u00a0\u00bb][vc_column][vc_row_inner equal_height=\u00a0\u00bbyes\u00a0\u00bb gap=\u00a0\u00bb30&Prime; gradient_colors=\u00a0\u00bb%5B%7B%7D%5D\u00a0\u00bb css=\u00a0\u00bb.vc_custom_1554822464943{margin-right: -15px !important;margin-left: -15px !important;}\u00a0\u00bb][vc_column_inner width=\u00a0\u00bb1\/3&Prime;][common_icon_box style=\u00a0\u00bbpix-ibox-title-side\u00a0\u00bb radius=\u00a0\u00bbpix-square\u00a0\u00bb icon_size=\u00a0\u00bbpix-icon-xl\u00a0\u00bb link=\u00a0\u00bb|title:Prices||\u00a0\u00bb shadow=\u00a0\u00bbpix-shadow-hover\u00a0\u00bb shadow_values=\u00a0\u00bb%5B%7B%22horizontal%22%3A%220%22%2C%22vertical%22%3A%226%22%2C%22blur%22%3A%2212%22%2C%22spread%22%3A%220%22%2C%22color%22%3A%22%23606060%22%2C%22opacity%22%3A%2224%22%7D%5D\u00a0\u00bb shadow_transition=\u00a0\u00bb0&Prime; image=\u00a0\u00bb2059&Prime; title=\u00a0\u00bbAdress\u00a0\u00bb css=\u00a0\u00bb.vc_custom_1654582255959{border-top-width: 1px !important;border-right-width: 1px !important;border-bottom-width: 1px !important;border-left-width: 1px !important;padding-top: 30px !important;padding-bottom: 30px !important;border-left-color: #cecece !important;border-left-style: dashed !important;border-right-color: #cecece !important;border-right-style: dashed !important;border-top-color: #cecece !important;border-top-style: dashed !important;border-bottom-color: #cecece !important;border-bottom-style: dashed !important;}\u00a0\u00bb]15, R\u00e9sidence Golf [&hellip;]<\/p>\n","protected":false},"author":1,"featured_media":0,"parent":0,"menu_order":0,"comment_status":"closed","ping_status":"closed","template":"","meta":{"inline_featured_image":false,"_monsterinsights_skip_tracking":false,"_monsterinsights_sitenote_active":false,"_monsterinsights_sitenote_note":"","_monsterinsights_sitenote_category":0,"footnotes":""},"class_list":["post-860","page","type-page","status-publish","hentry"],"_links":{"self":[{"href":"https:\/\/www.acstunisia.com\/index.php\/wp-json\/wp\/v2\/pages\/860","targetHints":{"allow":["GET"]}}],"collection":[{"href":"https:\/\/www.acstunisia.com\/index.php\/wp-json\/wp\/v2\/pages"}],"about":[{"href":"https:\/\/www.acstunisia.com\/index.php\/wp-json\/wp\/v2\/types\/page"}],"author":[{"embeddable":true,"href":"https:\/\/www.acstunisia.com\/index.php\/wp-json\/wp\/v2\/users\/1"}],"replies":[{"embeddable":true,"href":"https:\/\/www.acstunisia.com\/index.php\/wp-json\/wp\/v2\/comments?post=860"}],"version-history":[{"count":7,"href":"https:\/\/www.acstunisia.com\/index.php\/wp-json\/wp\/v2\/pages\/860\/revisions"}],"predecessor-version":[{"id":4089,"href":"https:\/\/www.acstunisia.com\/index.php\/wp-json\/wp\/v2\/pages\/860\/revisions\/4089"}],"wp:attachment":[{"href":"https:\/\/www.acstunisia.com\/index.php\/wp-json\/wp\/v2\/media?parent=860"}],"curies":[{"name":"wp","href":"https:\/\/api.w.org\/{rel}","templated":true}]}}